{"id":2,"date":"2010-04-21T16:08:35","date_gmt":"2010-04-21T16:08:35","guid":{"rendered":"http:\/\/www.gammel3600.dk\/?page_id=2"},"modified":"2025-08-20T12:53:53","modified_gmt":"2025-08-20T10:53:53","slug":"om","status":"publish","type":"page","link":"https:\/\/www.gammel3600.dk\/","title":{"rendered":"1. Historien"},"content":{"rendered":"\n<figure class=\"wp-block-image size-large\"><img loading=\"lazy\" decoding=\"async\" width=\"1024\" height=\"576\" src=\"https:\/\/www.gammel3600.dk\/wp-content\/uploads\/2020\/12\/cropped-Skelton-Smoking-Skull-Wallpaper-1-1024x576.jpg\" alt=\"\" class=\"wp-image-829\" srcset=\"https:\/\/www.gammel3600.dk\/wp-content\/uploads\/2020\/12\/cropped-Skelton-Smoking-Skull-Wallpaper-1-1024x576.jpg 1024w, https:\/\/www.gammel3600.dk\/wp-content\/uploads\/2020\/12\/cropped-Skelton-Smoking-Skull-Wallpaper-1-300x169.jpg 300w, https:\/\/www.gammel3600.dk\/wp-content\/uploads\/2020\/12\/cropped-Skelton-Smoking-Skull-Wallpaper-1-768x432.jpg 768w, https:\/\/www.gammel3600.dk\/wp-content\/uploads\/2020\/12\/cropped-Skelton-Smoking-Skull-Wallpaper-1-1536x864.jpg 1536w, https:\/\/www.gammel3600.dk\/wp-content\/uploads\/2020\/12\/cropped-Skelton-Smoking-Skull-Wallpaper-1.jpg 1920w\" sizes=\"auto, (max-width: 1024px) 100vw, 1024px\" \/><\/figure>\n\n\n<h2>Gammel 3600 logen blev stiftet den 11\/9-2004 med den f\u00f8rste loge middag hos Thomas, hvor de grundl\u00e6ggende sten blev lagt.<\/h2>\n<h2>Der havde v\u00e6ret snak om en loge i nogle \u00e5r under Robinson aftenerne 2000 og 2001 i skurvognen hos den fede, hvor flere af medlemmerne ogs\u00e5 var med. Denne snak blev til alvor da et par af de nuv\u00e6rende medlemmer tog initiativ og efter megen snak blev det besluttet at der skal holdes noget nogle gange om \u00e5ret, hvor man kunne m\u00f8des og lave noget specielt. En anden grund var at vi alle var ved at flytte fra Frederikssund pga. jobs og k\u00e6rester osv.<\/h2>\n<h2>Logen er bygget op over at vi alle er opvokset i Frederikssund og har kendt hinanden siden barns ben. Flere af os har g\u00e5et i skole sammen og ser ogs\u00e5 hinanden privat. Nogle medlemmer har boet sammen og andre er br\u00f8dre.<\/h2>\n<h2>Logen har nu et \u00e5r p\u00e5 bagen og det har v\u00e6ret et godt \u00e5r n\u00e6sten alle har v\u00e6ret form\u00e6nd og alle har gjort deres job til et 13 tal dette er godt og giver os alle noget at leve op til i det nye \u00e5r.<\/h2>\n<h2>Logen har f\u00e5et et par \u00e5r p\u00e5 bagen og er blevet bedre og bedre. Logen fylder 3 \u00e5r til september 2007. P\u00e5 grund af folk har v\u00e6ret udsendt har logen haft nogle n\u00f8dvendige pauser. Men dette g\u00f8r at man ser frem til det kommende arrangement i 2007.<\/h2>\n<h2>Logen er godt p\u00e5 vej til dens fem \u00e5rs jubil\u00e6um. (11\/9-2009). I den skrevet stund har der v\u00e6ret to arrangementer i 2007 og 2008, to rigtig gode arrangementer. Loge har stadig sv\u00e6rt ved af afholde tre arrangementer om \u00e5ret, men de der holdes er gode. Webmaster lover af f\u00e5 opdateret hjemmesiden oftere, hvilket vil g\u00f8re den mere attraktiv for alle.<\/h2>\n<h2>2014\u00a0 Logen har rundet 10 \u00e5r. Det blev fejret med en forl\u00e6nget weekend og jubil\u00e6um i Amsterdam.<strong><br \/>\n<\/strong><\/h2>\n<h2>2024 Logen har rundet endnu et skarpt hj\u00f8rne og rundet 20 \u00e5r.. Det skulle selvf\u00f8lgelig fejres med en tur til Hamborg.<\/h2>\n<p>&nbsp;<\/p>\n<p>&nbsp;<\/p>","protected":false},"excerpt":{"rendered":"<p>Gammel 3600 logen blev stiftet den 11\/9-2004 med den f\u00f8rste loge middag hos Thomas, hvor de grundl\u00e6ggende sten blev lagt. Der havde v\u00e6ret snak om en loge i nogle \u00e5r under Robinson aftenerne 2000 og 2001 i skurvognen hos den fede, hvor flere af medlemmerne ogs\u00e5 var med. Denne snak blev til alvor da et [&hellip;]<\/p>\n","protected":false},"author":1,"featured_media":0,"parent":0,"menu_order":0,"comment_status":"closed","ping_status":"closed","template":"","meta":{"footnotes":""},"class_list":["post-2","page","type-page","status-publish","hentry"],"_links":{"self":[{"href":"https:\/\/www.gammel3600.dk\/index.php?rest_route=\/wp\/v2\/pages\/2","targetHints":{"allow":["GET"]}}],"collection":[{"href":"https:\/\/www.gammel3600.dk\/index.php?rest_route=\/wp\/v2\/pages"}],"about":[{"href":"https:\/\/www.gammel3600.dk\/index.php?rest_route=\/wp\/v2\/types\/page"}],"author":[{"embeddable":true,"href":"https:\/\/www.gammel3600.dk\/index.php?rest_route=\/wp\/v2\/users\/1"}],"replies":[{"embeddable":true,"href":"https:\/\/www.gammel3600.dk\/index.php?rest_route=%2Fwp%2Fv2%2Fcomments&post=2"}],"version-history":[{"count":17,"href":"https:\/\/www.gammel3600.dk\/index.php?rest_route=\/wp\/v2\/pages\/2\/revisions"}],"predecessor-version":[{"id":894,"href":"https:\/\/www.gammel3600.dk\/index.php?rest_route=\/wp\/v2\/pages\/2\/revisions\/894"}],"wp:attachment":[{"href":"https:\/\/www.gammel3600.dk\/index.php?rest_route=%2Fwp%2Fv2%2Fmedia&parent=2"}],"curies":[{"name":"wp","href":"https:\/\/api.w.org\/{rel}","templated":true}]}}